{"id":727,"date":"2015-10-22T15:31:54","date_gmt":"2015-10-22T15:31:54","guid":{"rendered":"http:\/\/t7.monmariola.com\/servicios\/almacenaje-y-distribucion\/"},"modified":"2020-09-24T16:59:37","modified_gmt":"2020-09-24T16:59:37","slug":"storage-and-distribution","status":"publish","type":"page","link":"https:\/\/www.xn--vicedoyvao-19a.es\/en\/services\/storage-and-distribution\/","title":{"rendered":"Storage and distribution"},"content":{"rendered":"<div  class='avia-slideshow av-3zu2lm-e9d76dfc142014bac20e3e118d47767a avia-slideshow-featured_large av_slideshow avia-fade-slider  avia-builder-el-0  el_before_av_one_full  avia-builder-el-first  av-slideshow-ui av-control-hidden av-no-slider-navigation av-hide-nav-arrows av-slideshow-autoplay av-loop-endless av-loop-manual-endless av-default-height-applied avia-slideshow-1' data-slideshow-options=\"{&quot;animation&quot;:&quot;fade&quot;,&quot;autoplay&quot;:true,&quot;loop_autoplay&quot;:&quot;endless&quot;,&quot;interval&quot;:5,&quot;loop_manual&quot;:&quot;manual-endless&quot;,&quot;autoplay_stopper&quot;:false,&quot;noNavigation&quot;:true,&quot;bg_slider&quot;:false,&quot;keep_padding&quot;:false,&quot;hoverpause&quot;:false,&quot;show_slide_delay&quot;:0}\"  itemprop=\"image\" itemscope=\"itemscope\" itemtype=\"https:\/\/schema.org\/ImageObject\" ><ul class='avia-slideshow-inner ' style='padding-bottom: 32.333333333333%;'><li  class='avia-slideshow-slide av-3zu2lm-e9d76dfc142014bac20e3e118d47767a__0  av-single-slide slide-1 slide-odd'><div data-rel='slideshow-1' class='avia-slide-wrap '   ><img fetchpriority=\"high\" class=\"wp-image-688 avia-img-lazy-loading-not-688\"  src='https:\/\/www.xn--vicedoyvao-19a.es\/wp-content\/uploads\/2020\/08\/camiones_blanco-1500x485.jpg' width='1500' height='485' title='Operadores Log\u00edsiticos' alt=''  itemprop=\"thumbnailUrl\"   \/><\/div><\/li><\/ul><\/div>\n\n<style type=\"text\/css\" data-created_by=\"avia_inline_auto\" id=\"style-css-av-c7vr6-9442bd53cab03f97d0b4409788f241b8\">\n#top .flex_column.av-c7vr6-9442bd53cab03f97d0b4409788f241b8{\nmargin-top:0px;\nmargin-bottom:0px;\n}\n.flex_column.av-c7vr6-9442bd53cab03f97d0b4409788f241b8{\nborder-radius:0px 0px 0px 0px;\npadding:0px 0px 0px 0px;\n}\n.responsive #top #wrap_all .flex_column.av-c7vr6-9442bd53cab03f97d0b4409788f241b8{\nmargin-top:0px;\nmargin-bottom:0px;\n}\n<\/style>\n<div  class='flex_column av-c7vr6-9442bd53cab03f97d0b4409788f241b8 av_one_full  avia-builder-el-1  el_after_av_slideshow  el_before_av_one_full  first flex_column_div av-animated-generic bottom-to-top av-zero-column-padding  '     ><p>\n<style type=\"text\/css\" data-created_by=\"avia_inline_auto\" id=\"style-css-av-kfh1qimc-26f7f64c7465b47904f9ddadc733ba71\">\n#top .av-special-heading.av-kfh1qimc-26f7f64c7465b47904f9ddadc733ba71{\npadding-bottom:0;\n}\nbody .av-special-heading.av-kfh1qimc-26f7f64c7465b47904f9ddadc733ba71 .av-special-heading-tag .heading-char{\nfont-size:25px;\n}\n.av-special-heading.av-kfh1qimc-26f7f64c7465b47904f9ddadc733ba71 .av-subheading{\nfont-size:15px;\n}\n<\/style>\n<div  class='av-special-heading av-kfh1qimc-26f7f64c7465b47904f9ddadc733ba71 av-special-heading-h2 blockquote modern-quote  avia-builder-el-2  el_before_av_hr  avia-builder-el-first '><h2 class='av-special-heading-tag '  itemprop=\"headline\"  >Storage and distribution logistics operators.<\/h2><div class=\"special-heading-border\"><div class=\"special-heading-inner-border\"><\/div><\/div><\/div><br \/>\n\n<style type=\"text\/css\" data-created_by=\"avia_inline_auto\" id=\"style-css-av-30vwma-2a79d69c8d6c1f997a6c1300cbd25e12\">\n#top .hr.av-30vwma-2a79d69c8d6c1f997a6c1300cbd25e12{\nmargin-top:10px;\nmargin-bottom:10px;\n}\n.hr.av-30vwma-2a79d69c8d6c1f997a6c1300cbd25e12 .hr-inner{\nwidth:50px;\nborder-color:#efbb20;\n}\n<\/style>\n<div  class='hr av-30vwma-2a79d69c8d6c1f997a6c1300cbd25e12 hr-custom  avia-builder-el-3  el_after_av_heading  avia-builder-el-last  hr-left hr-icon-no'><span class='hr-inner inner-border-av-border-fat'><span class=\"hr-inner-style\"><\/span><\/span><\/div><\/p><\/div>\n<style type=\"text\/css\" data-created_by=\"avia_inline_auto\" id=\"style-css-av-2x0ug2-9d71e57aa5e79a43c4434d925a1c48ed\">\n#top .flex_column.av-2x0ug2-9d71e57aa5e79a43c4434d925a1c48ed{\nmargin-top:0px;\nmargin-bottom:0px;\n}\n.flex_column.av-2x0ug2-9d71e57aa5e79a43c4434d925a1c48ed{\nborder-radius:0px 0px 0px 0px;\npadding:0px 0px 0px 0px;\n}\n.responsive #top #wrap_all .flex_column.av-2x0ug2-9d71e57aa5e79a43c4434d925a1c48ed{\nmargin-top:0px;\nmargin-bottom:0px;\n}\n<\/style>\n<div  class='flex_column av-2x0ug2-9d71e57aa5e79a43c4434d925a1c48ed av_one_full  avia-builder-el-4  el_after_av_one_full  el_before_av_one_half  first flex_column_div av-animated-generic bottom-to-top av-zero-column-padding  column-top-margin'     ><section  class='av_textblock_section av-2prc3e-c22e7771e41e2f49c0c3624b0e810911 '   itemscope=\"itemscope\" itemtype=\"https:\/\/schema.org\/CreativeWork\" ><div class='avia_textblock'  itemprop=\"text\" ><h3>Storage and distribution.<\/h3>\n<p>An appropriate space is available for our clients storage. We offer the opportunity to outsource the management of your merchandise, a great competitive advantage since it allows you to minimise\u00a0the cost of storage, being able to choose between the different modalities of temporary storage or long term storage depending on your individual needs.<\/p>\n<p>From our facilities we carry out the functions of reception, unloading, storage, labelling\u00a0and palletising your merchandise.<\/p>\n<p>We manage the control of all items through advanced computer programs, allowing us to always be in control.<\/p>\n<p>We adapt to the circumstances of each client, to ensure a comprehensive service in the handling, treatment and transport of their merchandise.<\/p>\n<\/div><\/section><\/div>\n<style type=\"text\/css\" data-created_by=\"avia_inline_auto\" id=\"style-css-av-1ejhne-366f49dfea5cc4ccf2eb479a00d1bcf6\">\n.flex_column.av-1ejhne-366f49dfea5cc4ccf2eb479a00d1bcf6{\nborder-radius:0px 0px 0px 0px;\npadding:0px 0px 0px 0px;\n}\n<\/style>\n<div  class='flex_column av-1ejhne-366f49dfea5cc4ccf2eb479a00d1bcf6 av_one_half  avia-builder-el-6  el_after_av_one_full  el_before_av_one_half  first flex_column_div av-animated-generic bottom-to-top av-zero-column-padding  column-top-margin'     ><p>\n<style type=\"text\/css\" data-created_by=\"avia_inline_auto\" id=\"style-css-av-kfh1rtzo-109a4bfb90bae2f7973820e2b0665b92\">\n#top .av-special-heading.av-kfh1rtzo-109a4bfb90bae2f7973820e2b0665b92{\npadding-bottom:0;\n}\nbody .av-special-heading.av-kfh1rtzo-109a4bfb90bae2f7973820e2b0665b92 .av-special-heading-tag .heading-char{\nfont-size:25px;\n}\n.av-special-heading.av-kfh1rtzo-109a4bfb90bae2f7973820e2b0665b92 .av-subheading{\nfont-size:15px;\n}\n<\/style>\n<div  class='av-special-heading av-kfh1rtzo-109a4bfb90bae2f7973820e2b0665b92 av-special-heading-h5 blockquote modern-quote  avia-builder-el-7  el_before_av_hr  avia-builder-el-first '><h5 class='av-special-heading-tag '  itemprop=\"headline\"  >Contact<\/h5><div class=\"special-heading-border\"><div class=\"special-heading-inner-border\"><\/div><\/div><\/div><br \/>\n\n<style type=\"text\/css\" data-created_by=\"avia_inline_auto\" id=\"style-css-av-141sfe-48aa456864f2ee59ffd2194d0a553ab3\">\n#top .hr.av-141sfe-48aa456864f2ee59ffd2194d0a553ab3{\nmargin-top:10px;\nmargin-bottom:10px;\n}\n.hr.av-141sfe-48aa456864f2ee59ffd2194d0a553ab3 .hr-inner{\nwidth:50px;\nborder-color:#efbb20;\n}\n<\/style>\n<div  class='hr av-141sfe-48aa456864f2ee59ffd2194d0a553ab3 hr-custom  avia-builder-el-8  el_after_av_heading  el_before_av_textblock  hr-left hr-icon-no'><span class='hr-inner inner-border-av-border-fat'><span class=\"hr-inner-style\"><\/span><\/span><\/div><br \/>\n<section  class='av_textblock_section av-wifwq-c2c571e367a2dadca8d2e197191981f0 '   itemscope=\"itemscope\" itemtype=\"https:\/\/schema.org\/CreativeWork\" ><div class='avia_textblock'  itemprop=\"text\" ><p>Contact us by phone or email, our team of dedicated specialists are here to help.<\/p>\n<div  class='avia-button-wrap av-buf6q-0ab09e7d0e11a4a13d2cc65505e87e22-wrap avia-button-center  avia-builder-el-10  avia-builder-el-no-sibling  boton_contacto'><a href='https:\/\/www.xn--vicedoyvao-19a.es\/contacto\/'  class='avia-button av-buf6q-0ab09e7d0e11a4a13d2cc65505e87e22 av-link-btn avia-icon_select-no avia-size-small avia-position-center avia-color-theme-color'  title=\"boton_contacto\" aria-label=\"boton_contacto\"><span class='avia_iconbox_title' >More info<\/span><\/a><\/div>\n<\/div><\/section><\/p><\/div>\n<style type=\"text\/css\" data-created_by=\"avia_inline_auto\" id=\"style-css-av-2kbeq-c4d31f53390f597763bb0647ff3f0f49\">\n.flex_column.av-2kbeq-c4d31f53390f597763bb0647ff3f0f49{\nborder-radius:0px 0px 0px 0px;\npadding:0px 0px 0px 0px;\n}\n<\/style>\n<div  class='flex_column av-2kbeq-c4d31f53390f597763bb0647ff3f0f49 av_one_half  avia-builder-el-11  el_after_av_one_half  avia-builder-el-last  flex_column_div av-animated-generic bottom-to-top av-zero-column-padding  column-top-margin'     ><style type=\"text\/css\" data-created_by=\"avia_inline_auto\" id=\"style-css-av-lfy8a-d476155268f9296d32d7381986c87b27\">\n.avia-image-container.av-lfy8a-d476155268f9296d32d7381986c87b27 img.avia_image{\nbox-shadow:none;\n}\n.avia-image-container.av-lfy8a-d476155268f9296d32d7381986c87b27 .av-image-caption-overlay-center{\ncolor:#ffffff;\n}\n<\/style>\n<div  class='avia-image-container av-lfy8a-d476155268f9296d32d7381986c87b27 av-styling-no-styling avia-align-center  avia-builder-el-12  avia-builder-el-no-sibling '   itemprop=\"image\" itemscope=\"itemscope\" itemtype=\"https:\/\/schema.org\/ImageObject\" ><div class=\"avia-image-container-inner\"><div class=\"avia-image-overlay-wrap\"><img fetchpriority=\"high\" class='wp-image-690 avia-img-lazy-loading-not-690 avia_image ' src='https:\/\/www.xn--vicedoyvao-19a.es\/wp-content\/uploads\/2020\/08\/camiones_blanco1.jpg' alt='' title='Almacenaje y Distribuci\u00f3n'  height=\"483\" width=\"603\"  itemprop=\"thumbnailUrl\"  \/><\/div><\/div><\/div><\/div><\/p>\n","protected":false},"excerpt":{"rendered":"","protected":false},"author":1,"featured_media":0,"parent":722,"menu_order":0,"comment_status":"closed","ping_status":"closed","template":"","meta":{"footnotes":""},"class_list":["post-727","page","type-page","status-publish","hentry"],"yoast_head":"<!-- This site is optimized with the Yoast SEO plugin v26.8 - https:\/\/yoast.com\/product\/yoast-seo-wordpress\/ -->\n<title>Operadores Log\u00edsticos de Almacenaje y Distribuci\u00f3n<\/title>\n<meta name=\"description\" content=\"Disponemos de Instalaciones propias para la recepci\u00f3n de mercanc\u00eda, descarga, almacenaje, gesti\u00f3n de stock, etc.\" \/>\n<meta name=\"robots\" content=\"index, follow, max-snippet:-1, max-image-preview:large, max-video-preview:-1\" \/>\n<link rel=\"canonical\" href=\"https:\/\/www.xn--vicedoyvao-19a.es\/en\/services\/storage-and-distribution\/\" \/>\n<meta property=\"og:locale\" content=\"en_US\" \/>\n<meta property=\"og:type\" content=\"article\" \/>\n<meta property=\"og:title\" content=\"Operadores Log\u00edsticos de Almacenaje y Distribuci\u00f3n\" \/>\n<meta property=\"og:description\" content=\"Disponemos de Instalaciones propias para la recepci\u00f3n de mercanc\u00eda, descarga, almacenaje, gesti\u00f3n de stock, etc.\" \/>\n<meta property=\"og:url\" content=\"https:\/\/www.xn--vicedoyvao-19a.es\/en\/services\/storage-and-distribution\/\" \/>\n<meta property=\"og:site_name\" content=\"Vicedo y Va\u00f1o\" \/>\n<meta property=\"article:modified_time\" content=\"2020-09-24T16:59:37+00:00\" \/>\n<meta name=\"twitter:card\" content=\"summary_large_image\" \/>\n<meta name=\"twitter:label1\" content=\"Est. reading time\" \/>\n\t<meta name=\"twitter:data1\" content=\"5 minutes\" \/>\n<script type=\"application\/ld+json\" class=\"yoast-schema-graph\">{\"@context\":\"https:\/\/schema.org\",\"@graph\":[{\"@type\":\"WebPage\",\"@id\":\"https:\/\/www.xn--vicedoyvao-19a.es\/en\/services\/storage-and-distribution\/\",\"url\":\"https:\/\/www.xn--vicedoyvao-19a.es\/en\/services\/storage-and-distribution\/\",\"name\":\"Operadores Log\u00edsticos de Almacenaje y Distribuci\u00f3n\",\"isPartOf\":{\"@id\":\"https:\/\/www.xn--vicedoyvao-19a.es\/en\/#website\"},\"datePublished\":\"2015-10-22T15:31:54+00:00\",\"dateModified\":\"2020-09-24T16:59:37+00:00\",\"description\":\"Disponemos de Instalaciones propias para la recepci\u00f3n de mercanc\u00eda, descarga, almacenaje, gesti\u00f3n de stock, etc.\",\"breadcrumb\":{\"@id\":\"https:\/\/www.xn--vicedoyvao-19a.es\/en\/services\/storage-and-distribution\/#breadcrumb\"},\"inLanguage\":\"en-US\",\"potentialAction\":[{\"@type\":\"ReadAction\",\"target\":[\"https:\/\/www.xn--vicedoyvao-19a.es\/en\/services\/storage-and-distribution\/\"]}]},{\"@type\":\"BreadcrumbList\",\"@id\":\"https:\/\/www.xn--vicedoyvao-19a.es\/en\/services\/storage-and-distribution\/#breadcrumb\",\"itemListElement\":[{\"@type\":\"ListItem\",\"position\":1,\"name\":\"Portada\",\"item\":\"https:\/\/www.xn--vicedoyvao-19a.es\/en\/\"},{\"@type\":\"ListItem\",\"position\":2,\"name\":\"Services\",\"item\":\"https:\/\/www.xn--vicedoyvao-19a.es\/en\/services\/\"},{\"@type\":\"ListItem\",\"position\":3,\"name\":\"Storage and distribution\"}]},{\"@type\":\"WebSite\",\"@id\":\"https:\/\/www.xn--vicedoyvao-19a.es\/en\/#website\",\"url\":\"https:\/\/www.xn--vicedoyvao-19a.es\/en\/\",\"name\":\"Vicedo y Va\u00f1o\",\"description\":\"\",\"potentialAction\":[{\"@type\":\"SearchAction\",\"target\":{\"@type\":\"EntryPoint\",\"urlTemplate\":\"https:\/\/www.xn--vicedoyvao-19a.es\/en\/?s={search_term_string}\"},\"query-input\":{\"@type\":\"PropertyValueSpecification\",\"valueRequired\":true,\"valueName\":\"search_term_string\"}}],\"inLanguage\":\"en-US\"}]}<\/script>\n<!-- \/ Yoast SEO plugin. -->","yoast_head_json":{"title":"Operadores Log\u00edsticos de Almacenaje y Distribuci\u00f3n","description":"Disponemos de Instalaciones propias para la recepci\u00f3n de mercanc\u00eda, descarga, almacenaje, gesti\u00f3n de stock, etc.","robots":{"index":"index","follow":"follow","max-snippet":"max-snippet:-1","max-image-preview":"max-image-preview:large","max-video-preview":"max-video-preview:-1"},"canonical":"https:\/\/www.xn--vicedoyvao-19a.es\/en\/services\/storage-and-distribution\/","og_locale":"en_US","og_type":"article","og_title":"Operadores Log\u00edsticos de Almacenaje y Distribuci\u00f3n","og_description":"Disponemos de Instalaciones propias para la recepci\u00f3n de mercanc\u00eda, descarga, almacenaje, gesti\u00f3n de stock, etc.","og_url":"https:\/\/www.xn--vicedoyvao-19a.es\/en\/services\/storage-and-distribution\/","og_site_name":"Vicedo y Va\u00f1o","article_modified_time":"2020-09-24T16:59:37+00:00","twitter_card":"summary_large_image","twitter_misc":{"Est. reading time":"5 minutes"},"schema":{"@context":"https:\/\/schema.org","@graph":[{"@type":"WebPage","@id":"https:\/\/www.xn--vicedoyvao-19a.es\/en\/services\/storage-and-distribution\/","url":"https:\/\/www.xn--vicedoyvao-19a.es\/en\/services\/storage-and-distribution\/","name":"Operadores Log\u00edsticos de Almacenaje y Distribuci\u00f3n","isPartOf":{"@id":"https:\/\/www.xn--vicedoyvao-19a.es\/en\/#website"},"datePublished":"2015-10-22T15:31:54+00:00","dateModified":"2020-09-24T16:59:37+00:00","description":"Disponemos de Instalaciones propias para la recepci\u00f3n de mercanc\u00eda, descarga, almacenaje, gesti\u00f3n de stock, etc.","breadcrumb":{"@id":"https:\/\/www.xn--vicedoyvao-19a.es\/en\/services\/storage-and-distribution\/#breadcrumb"},"inLanguage":"en-US","potentialAction":[{"@type":"ReadAction","target":["https:\/\/www.xn--vicedoyvao-19a.es\/en\/services\/storage-and-distribution\/"]}]},{"@type":"BreadcrumbList","@id":"https:\/\/www.xn--vicedoyvao-19a.es\/en\/services\/storage-and-distribution\/#breadcrumb","itemListElement":[{"@type":"ListItem","position":1,"name":"Portada","item":"https:\/\/www.xn--vicedoyvao-19a.es\/en\/"},{"@type":"ListItem","position":2,"name":"Services","item":"https:\/\/www.xn--vicedoyvao-19a.es\/en\/services\/"},{"@type":"ListItem","position":3,"name":"Storage and distribution"}]},{"@type":"WebSite","@id":"https:\/\/www.xn--vicedoyvao-19a.es\/en\/#website","url":"https:\/\/www.xn--vicedoyvao-19a.es\/en\/","name":"Vicedo y Va\u00f1o","description":"","potentialAction":[{"@type":"SearchAction","target":{"@type":"EntryPoint","urlTemplate":"https:\/\/www.xn--vicedoyvao-19a.es\/en\/?s={search_term_string}"},"query-input":{"@type":"PropertyValueSpecification","valueRequired":true,"valueName":"search_term_string"}}],"inLanguage":"en-US"}]}},"_links":{"self":[{"href":"https:\/\/www.xn--vicedoyvao-19a.es\/en\/wp-json\/wp\/v2\/pages\/727","targetHints":{"allow":["GET"]}}],"collection":[{"href":"https:\/\/www.xn--vicedoyvao-19a.es\/en\/wp-json\/wp\/v2\/pages"}],"about":[{"href":"https:\/\/www.xn--vicedoyvao-19a.es\/en\/wp-json\/wp\/v2\/types\/page"}],"author":[{"embeddable":true,"href":"https:\/\/www.xn--vicedoyvao-19a.es\/en\/wp-json\/wp\/v2\/users\/1"}],"replies":[{"embeddable":true,"href":"https:\/\/www.xn--vicedoyvao-19a.es\/en\/wp-json\/wp\/v2\/comments?post=727"}],"version-history":[{"count":4,"href":"https:\/\/www.xn--vicedoyvao-19a.es\/en\/wp-json\/wp\/v2\/pages\/727\/revisions"}],"predecessor-version":[{"id":756,"href":"https:\/\/www.xn--vicedoyvao-19a.es\/en\/wp-json\/wp\/v2\/pages\/727\/revisions\/756"}],"up":[{"embeddable":true,"href":"https:\/\/www.xn--vicedoyvao-19a.es\/en\/wp-json\/wp\/v2\/pages\/722"}],"wp:attachment":[{"href":"https:\/\/www.xn--vicedoyvao-19a.es\/en\/wp-json\/wp\/v2\/media?parent=727"}],"curies":[{"name":"wp","href":"https:\/\/api.w.org\/{rel}","templated":true}]}}